{"id":2025,"date":"2017-06-16T19:07:31","date_gmt":"2017-06-16T19:07:31","guid":{"rendered":"https:\/\/www.ude.edu.ar\/extension\/?page_id=2025"},"modified":"2025-02-25T16:42:59","modified_gmt":"2025-02-25T19:42:59","slug":"descuentos-bonificaciones","status":"publish","type":"page","link":"https:\/\/www.ude.edu.ar\/extension\/descuentos-bonificaciones\/","title":{"rendered":"Descuentos y Bonificaciones"},"content":{"rendered":"<table style=\"width: 100%; border-collapse: collapse; border-style: hidden; height: 139px;\">\n<tbody>\n<tr style=\"height: 139px;\">\n<td style=\"width: 15%; height: 139px;\">\n<p style=\"text-align: justify;\"><img loading=\"lazy\" decoding=\"async\" class=\"alignnone size-full wp-image-10925\" src=\"https:\/\/www.ude.edu.ar\/wp-content\/uploads\/2021\/07\/alumnos.png\" alt=\"\" width=\"100\" height=\"100\" \/><\/p>\n<\/td>\n<td style=\"width: 85%; height: 139px;\">\n<h4 style=\"text-align: left;\">Descuentos y bonificaciones<br \/>\n<b>en cursos y diplomaturas<\/b><\/h4>\n<p>Al ser parte de alguno de los siguientes grupos podr\u00e1s acceder a diferentes porcentajes de descuento en el arancel del curso o diplomatura que elijas<\/td>\n<\/tr>\n<\/tbody>\n<\/table>\n<p><strong>Comunidad UDE<\/strong><\/p>\n<p style=\"padding-left: 40px;\">\u2013 100% para empleados\/as.<br \/>\n\u2013 25% a docentes.<br \/>\n\u2013\u00a0 20%\u00a0 a egresados UDE y ISCI.<br \/>\n\u2013 estudiantes.<br \/>\n2\u00b0 actividad de extensi\u00f3n (en simultaneo): 10% en matr\u00edcula y total de cuotas sobre la Oferta de Extensi\u00f3n.<br \/>\n1 carrera de grado + 1 actividad de extensi\u00f3n (en simultaneo): 20% en matr\u00edcula y total de cuotas sobre la Oferta de Extensi\u00f3n.<\/p>\n<p><strong>Familiares Comunidad UDE<\/strong><\/p>\n<p style=\"padding-left: 40px;\">\u2013 20% a familiares de empleados\/as.<br \/>\n\u2013 10% a familiares estudiantes y docentes.<\/p>\n<p><b>Estudiantes de otras universidades<\/b><\/p>\n<p style=\"padding-left: 40px;\">\u2013 20% demostrando el certificado de alumno regular de la instituci\u00f3n.<\/p>\n<p><strong>Empresas<br \/>\n<\/strong><\/p>\n<p style=\"padding-left: 40px;\">\u2013 10% de bonificaci\u00f3n si son m\u00e1s de 5 alumnos.<br \/>\n\u2013 15% de bonificaci\u00f3n si son m\u00e1s de 10 alumnos.<br \/>\n\u2013 20% de bonificaci\u00f3n si son m\u00e1s de 15 alumnos.<\/p>\n<p>&nbsp;<\/p>\n<table style=\"border-collapse: collapse; width: 100%;\">\n<tbody>\n<tr>\n<td style=\"width: 41.6607%;\"><img loading=\"lazy\" decoding=\"async\" class=\"size-full wp-image-3697 alignleft\" style=\"text-align: justify;\" src=\"https:\/\/www.ude.edu.ar\/extension\/wp-content\/uploads\/sites\/2\/2020\/08\/contacto.png\" alt=\"\" width=\"100\" height=\"100\" \/><\/td>\n<td style=\"width: 58.3393%;\"><\/td>\n<\/tr>\n<\/tbody>\n<\/table>\n<p style=\"text-align: left;\">Para m\u00e1s informaci\u00f3n pod\u00e9s hacer tu consulta con el \u00c1rea de Ingreso e Inscripci\u00f3n por cualquiera de los siguientes canales:<\/p>\n<p style=\"text-align: left;\">Tel\u00e9fono: (+54 9) 221 424-9026\u00a0 \u00a0 |\u00a0 \u00a0 Email:<span style=\"color: #993366;\"><a style=\"color: #993366;\" href=\"mailto:consultasingreso@ude.edu.ar\"> consultasingreso@ude.edu.ar<\/a>\u00a0 |\u00a0\u00a0<\/span>Whatsapp:\u00a0<span style=\"color: #993366;\"><a style=\"color: #993366;\" href=\"https:\/\/wa.me\/5492214777950\">(+54 9) 221 477-7950<\/a>\u00a0<\/span><br \/>\n<em>* Horario de atenci\u00f3n de lunes a viernes de 9 a 17 hs.<\/em><\/p>\n<p>&nbsp;<\/p>\n<p>&nbsp;<\/p>\n<p>&nbsp;<\/p>\n<p>&nbsp;<\/p>\n<table style=\"border-collapse: collapse; border-style: hidden; width: 100%; height: 107px;\">\n<tbody>\n<tr style=\"height: 107px;\">\n<td><span style=\"color: #808080;\"><img loading=\"lazy\" decoding=\"async\" class=\"alignnone size-full wp-image-14115\" src=\"https:\/\/www.ude.edu.ar\/wp-content\/uploads\/2023\/04\/Mesa-de-trabajo-61.png\" alt=\"\" width=\"101\" height=\"101\" \/><\/span><\/td>\n<td style=\"width: 85%; height: 107px;\">\n<h3 style=\"text-align: left;\"><span style=\"color: #0a2240;\"><strong>BENEFICIOS PARA LA COMUNIDAD UDE<\/strong><\/span><\/h3>\n<\/td>\n<\/tr>\n<\/tbody>\n<\/table>\n<p>&nbsp;<\/p>\n<p style=\"text-align: left;\">A continuaci\u00f3n, detallamos todos los descuentos y bonificaciones que brinda nuestra Universidad.<\/p>\n<p><a style=\"color: #005faa;\" href=\"#demo1\" data-toggle=\"collapse\">BONIFICACI\u00d3N POR HERMANO \u2207\u00a0<\/a><\/p>\n<div id=\"demo1\" class=\"collapse\" style=\"text-align: justify;\">\n<p style=\"padding-left: 40px;\"><span style=\"color: #808080;\">&#8211; 1\u00b0 hermano: 10% en matr\u00edcula y total de cuotas de cualquier Carrera de Grado.<\/span><br \/>\n<span style=\"color: #808080;\">&#8211; 2\u00b0 hermano: 20% en matr\u00edcula y total de cuotas de cualquier Carrera de Grado.<\/span><\/p>\n<p style=\"padding-left: 40px;\"><span style=\"color: #808080;\"><em>* Documentaci\u00f3n requerida: Partida de nacimiento.<br \/>\n** Cupos limitados.<\/em><\/span><\/p>\n<\/div>\n<p><a style=\"color: #005faa;\" href=\"#demo2\" data-toggle=\"collapse\">BONIFICACI\u00d3N POR HIJO \u2207\u00a0<\/a><\/p>\n<div id=\"demo2\" class=\"collapse\" style=\"text-align: justify;\">\n<p style=\"padding-left: 40px;\"><span style=\"color: #808080;\">Personal docente: 25% en matr\u00edcula y total de cuotas de cualquier Carrera de Grado.<\/span><br \/>\n<span style=\"color: #808080;\">Personal no docente: 25% en matr\u00edcula y total de cuotas de cualquier Carrera de Grado.<\/span><br \/>\n<span style=\"color: #808080;\">Alumnos padre e hijo: 10% para el 2\u00b0 inscripto, en matr\u00edcula y total de cuotas de cualquier Carrera de Grado<em>.<\/em><\/span><\/p>\n<p style=\"padding-left: 40px;\"><span style=\"color: #808080;\"><em>* Documentaci\u00f3n requerida: Partida de nacimiento.<br \/>\n** Cupos limitados.<\/em><\/span><\/p>\n<\/div>\n<p><a style=\"color: #005faa;\" href=\"#demo3\" data-toggle=\"collapse\">BONIFICACI\u00d3N POR MATRIMONIO \u2207\u00a0<\/a><\/p>\n<div id=\"demo3\" class=\"collapse\" style=\"text-align: justify;\">\n<p style=\"padding-left: 40px;\"><span style=\"color: #808080;\">10% para el 2\u00b0 inscripto, en matr\u00edcula y total de cuotas de cualquier Carrera de Grado.<\/span><\/p>\n<p style=\"padding-left: 40px;\"><span style=\"color: #808080;\"><em>* Documentaci\u00f3n requerida: Acta de matrimonio.<br \/>\n** Cupos limitados.<\/em><\/span><\/p>\n<\/div>\n<p><a style=\"color: #005faa;\" href=\"#demo4\" data-toggle=\"collapse\">BONIFICACI\u00d3N EX ALUMNO ISCI \u2207\u00a0<\/a><\/p>\n<div id=\"demo4\" class=\"collapse\" style=\"text-align: justify;\">\n<p style=\"padding-left: 40px;\"><span style=\"color: #808080;\">20% en matr\u00edcula y total de cuotas de cualquier Carrera de Grado.<br \/>\nActividad de extensi\u00f3n: 20% en matr\u00edcula y total de cuotas de cualquier Oferta de Extensi\u00f3n.<br \/>\n<\/span><\/p>\n<p style=\"padding-left: 40px;\"><span style=\"color: #808080;\"><em>* Documentaci\u00f3n requerida: Copia de libreta o anal\u00edtico.<br \/>\n** Cupos limitados.<\/em><\/span><\/p>\n<\/div>\n<p><a style=\"color: #005faa;\" href=\"#demo5\" data-toggle=\"collapse\">BONIFICACI\u00d3N DOCENTE UDE \u2207\u00a0<\/a><\/p>\n<div id=\"demo5\" class=\"collapse\" style=\"text-align: justify;\">\n<p style=\"padding-left: 40px;\"><span style=\"color: #808080;\">25% en matr\u00edcula y total de cuotas de cualquier\u00a0Oferta de Extensi\u00f3n.<\/span><\/p>\n<p style=\"padding-left: 40px;\"><span style=\"color: #808080;\"><em>* Documentaci\u00f3n requerida: certificaci\u00f3n de revista.<br \/>\n** Cupos limitados.<\/em><\/span><\/p>\n<\/div>\n<p><a style=\"color: #005faa;\" href=\"#demo6\" data-toggle=\"collapse\">BONIFICACION EMPLEADO ADMINISTRATIVO UDE \u2207\u00a0<\/a><\/p>\n<div id=\"demo6\" class=\"collapse\" style=\"text-align: justify;\">\n<p style=\"padding-left: 40px;\"><span style=\"color: #808080;\">100% en matr\u00edcula y total de cuotas de cualquier Carrera de Grado.<\/span><\/p>\n<p style=\"padding-left: 40px;\"><span style=\"color: #808080;\"><em>** Cupos limitados.<\/em><\/span><\/p>\n<\/div>\n<p><a style=\"color: #005faa;\" href=\"#demo8\" data-toggle=\"collapse\">BONIFICACION ALUMNO DE CARRERA DE GRADO \u2207\u00a0<\/a><\/p>\n<div id=\"demo8\" class=\"collapse\" style=\"text-align: justify;\">\n<p style=\"padding-left: 40px;\"><span style=\"color: #808080;\">2\u00b0 actividad de extensi\u00f3n en simult\u00e1neo: 10% en matr\u00edcula y total de cuotas sobre la segunda Oferta de Extensi\u00f3n.<br \/>\n1 carrera de grado + 1 actividad de extensi\u00f3n en simult\u00e1neo: 20% en matr\u00edcula y total de cuotas sobre la Oferta de Extensi\u00f3n.<br \/>\n<\/span><\/p>\n<p style=\"padding-left: 40px;\"><span style=\"color: #808080;\"><em>* Documentaci\u00f3n requerida: Certificado de alumno regular.<br \/>\n** Cupos limitados.<\/em><\/span><\/p>\n<\/div>\n<p><a style=\"color: #005faa;\" href=\"#demo9\" data-toggle=\"collapse\">BONIFICACION ALUMNO DE EXTENSI\u00d3N \u2207\u00a0<\/a><\/p>\n<div id=\"demo9\" class=\"collapse\" style=\"text-align: justify;\">\n<p style=\"padding-left: 40px;\"><span style=\"color: #808080;\">2\u00b0 actividad de extensi\u00f3n en simult\u00e1neo: 10% en matr\u00edcula y total de cuotas sobre la segunda Oferta de Extensi\u00f3n.<\/span><\/p>\n<p style=\"padding-left: 40px;\"><span style=\"color: #808080;\"><em>* Documentaci\u00f3n requerida: Certificado de alumno regular.<br \/>\n** Cupos limitados.<\/em><\/span><\/p>\n<\/div>\n<p><a style=\"color: #005faa;\" href=\"#demo10\" data-toggle=\"collapse\">BONIFICACION EGRESADO UDE \u2207\u00a0<\/a><\/p>\n<div id=\"demo10\" class=\"collapse\" style=\"text-align: justify;\">\n<p style=\"padding-left: 40px;\"><span style=\"color: #808080;\">Actividad de extensi\u00f3n: 20% en matr\u00edcula y total de cuotas de cualquier Oferta de Extensi\u00f3n.<\/span><\/p>\n<p style=\"padding-left: 40px;\"><span style=\"color: #808080;\"><em>* Documentaci\u00f3n requerida: Copia de t\u00edtulo o anal\u00edtico.<br \/>\n** Cupos limitados.<\/em><\/span><\/p>\n<\/div>\n<p>&nbsp;<\/p>\n<h5><a href=\"https:\/\/www.ude.edu.ar\/ingreso\/solicitar-informacion\/\">SOLICITAR INFORMACI\u00d3N |\u00a0<strong>\u00a1Consultar cupos disponibles con el \u00c1rea de Ingreso! \u25bd<\/strong><\/a><\/h5>\n<p style=\"text-align: justify;\"><strong>Email<span style=\"color: #0000ff;\">:<a style=\"color: #0b0bba;\" href=\"mailto:consultasingreso@ude.edu.ar\"> consultasingreso@ude.edu.ar<\/a><\/span><\/strong><\/p>\n<p><strong>Whatsapp:<\/strong><span style=\"color: #0b0bba;\"><em><a style=\"color: #0b0bba;\" href=\"https:\/\/wa.me\/5492216160005\"><strong> (+54 9 ) 221 616-0005<\/strong><\/a><\/em><\/span><\/p>\n<p style=\"text-align: justify;\"><span style=\"font-weight: 400;\"><strong>Tel\u00e9fono:\u00a0<\/strong> (<span style=\"color: #0b0bba;\">+54 9) 221<\/span><\/span><span style=\"color: #0000ff;\"> 424-9026<\/span><\/p>\n<p><em>Atenci\u00f3n de lunes a viernes de 9 a 17 hs.<\/em><\/p>\n","protected":false},"excerpt":{"rendered":"<p>Descuentos y bonificaciones en cursos y diplomaturas Al ser parte de alguno de los siguientes grupos podr\u00e1s acceder a diferentes porcentajes de descuento en el arancel del curso o diplomatura que elijas Comunidad UDE \u2013 100% para empleados\/as. \u2013 25% a docentes. \u2013\u00a0 20%\u00a0 a egresados UDE y ISCI. \u2013 estudiantes. 2\u00b0 actividad de extensi\u00f3n [&hellip;]<\/p>\n","protected":false},"author":2,"featured_media":0,"parent":0,"menu_order":0,"comment_status":"closed","ping_status":"closed","template":"","meta":{"_acf_changed":false,"footnotes":""},"acf":[],"yoast_head":"<!-- This site is optimized with the Yoast SEO plugin v22.8 - https:\/\/yoast.com\/wordpress\/plugins\/seo\/ -->\n<title>Descuentos y Bonificaciones - Universidad del Este La Plata<\/title>\n<meta name=\"robots\" content=\"index, follow, max-snippet:-1, max-image-preview:large, max-video-preview:-1\" \/>\n<link rel=\"canonical\" href=\"https:\/\/www.ude.edu.ar\/extension\/descuentos-bonificaciones\/\" \/>\n<meta property=\"og:locale\" content=\"es_ES\" \/>\n<meta property=\"og:type\" content=\"article\" \/>\n<meta property=\"og:title\" content=\"Descuentos y Bonificaciones - Universidad del Este La Plata\" \/>\n<meta property=\"og:description\" content=\"Descuentos y bonificaciones en cursos y diplomaturas Al ser parte de alguno de los siguientes grupos podr\u00e1s acceder a diferentes porcentajes de descuento en el arancel del curso o diplomatura que elijas Comunidad UDE \u2013 100% para empleados\/as. \u2013 25% a docentes. \u2013\u00a0 20%\u00a0 a egresados UDE y ISCI. \u2013 estudiantes. 2\u00b0 actividad de extensi\u00f3n [&hellip;]\" \/>\n<meta property=\"og:url\" content=\"https:\/\/www.ude.edu.ar\/extension\/descuentos-bonificaciones\/\" \/>\n<meta property=\"og:site_name\" content=\"Universidad del Este La Plata\" \/>\n<meta property=\"article:modified_time\" content=\"2025-02-25T19:42:59+00:00\" \/>\n<meta property=\"og:image\" content=\"https:\/\/www.ude.edu.ar\/wp-content\/uploads\/2021\/07\/alumnos.png\" \/>\n<meta name=\"twitter:card\" content=\"summary_large_image\" \/>\n<meta name=\"twitter:label1\" content=\"Tiempo de lectura\" \/>\n\t<meta name=\"twitter:data1\" content=\"4 minutos\" \/>\n<script type=\"application\/ld+json\" class=\"yoast-schema-graph\">{\"@context\":\"https:\/\/schema.org\",\"@graph\":[{\"@type\":\"WebPage\",\"@id\":\"https:\/\/www.ude.edu.ar\/extension\/descuentos-bonificaciones\/\",\"url\":\"https:\/\/www.ude.edu.ar\/extension\/descuentos-bonificaciones\/\",\"name\":\"Descuentos y Bonificaciones - Universidad del Este La Plata\",\"isPartOf\":{\"@id\":\"https:\/\/www.ude.edu.ar\/extension\/#website\"},\"primaryImageOfPage\":{\"@id\":\"https:\/\/www.ude.edu.ar\/extension\/descuentos-bonificaciones\/#primaryimage\"},\"image\":{\"@id\":\"https:\/\/www.ude.edu.ar\/extension\/descuentos-bonificaciones\/#primaryimage\"},\"thumbnailUrl\":\"https:\/\/www.ude.edu.ar\/wp-content\/uploads\/2021\/07\/alumnos.png\",\"datePublished\":\"2017-06-16T19:07:31+00:00\",\"dateModified\":\"2025-02-25T19:42:59+00:00\",\"breadcrumb\":{\"@id\":\"https:\/\/www.ude.edu.ar\/extension\/descuentos-bonificaciones\/#breadcrumb\"},\"inLanguage\":\"es-AR\",\"potentialAction\":[{\"@type\":\"ReadAction\",\"target\":[\"https:\/\/www.ude.edu.ar\/extension\/descuentos-bonificaciones\/\"]}]},{\"@type\":\"ImageObject\",\"inLanguage\":\"es-AR\",\"@id\":\"https:\/\/www.ude.edu.ar\/extension\/descuentos-bonificaciones\/#primaryimage\",\"url\":\"https:\/\/www.ude.edu.ar\/wp-content\/uploads\/2021\/07\/alumnos.png\",\"contentUrl\":\"https:\/\/www.ude.edu.ar\/wp-content\/uploads\/2021\/07\/alumnos.png\"},{\"@type\":\"BreadcrumbList\",\"@id\":\"https:\/\/www.ude.edu.ar\/extension\/descuentos-bonificaciones\/#breadcrumb\",\"itemListElement\":[{\"@type\":\"ListItem\",\"position\":1,\"name\":\"Home\",\"item\":\"https:\/\/www.ude.edu.ar\/extension\/\"},{\"@type\":\"ListItem\",\"position\":2,\"name\":\"Descuentos y Bonificaciones\"}]},{\"@type\":\"WebSite\",\"@id\":\"https:\/\/www.ude.edu.ar\/extension\/#website\",\"url\":\"https:\/\/www.ude.edu.ar\/extension\/\",\"name\":\"Universidad del Este La Plata\",\"description\":\"Universidad del Este La Plata\",\"potentialAction\":[{\"@type\":\"SearchAction\",\"target\":{\"@type\":\"EntryPoint\",\"urlTemplate\":\"https:\/\/www.ude.edu.ar\/extension\/?s={search_term_string}\"},\"query-input\":\"required name=search_term_string\"}],\"inLanguage\":\"es-AR\"}]}<\/script>\n<!-- \/ Yoast SEO plugin. -->","yoast_head_json":{"title":"Descuentos y Bonificaciones - Universidad del Este La Plata","robots":{"index":"index","follow":"follow","max-snippet":"max-snippet:-1","max-image-preview":"max-image-preview:large","max-video-preview":"max-video-preview:-1"},"canonical":"https:\/\/www.ude.edu.ar\/extension\/descuentos-bonificaciones\/","og_locale":"es_ES","og_type":"article","og_title":"Descuentos y Bonificaciones - Universidad del Este La Plata","og_description":"Descuentos y bonificaciones en cursos y diplomaturas Al ser parte de alguno de los siguientes grupos podr\u00e1s acceder a diferentes porcentajes de descuento en el arancel del curso o diplomatura que elijas Comunidad UDE \u2013 100% para empleados\/as. \u2013 25% a docentes. \u2013\u00a0 20%\u00a0 a egresados UDE y ISCI. \u2013 estudiantes. 2\u00b0 actividad de extensi\u00f3n [&hellip;]","og_url":"https:\/\/www.ude.edu.ar\/extension\/descuentos-bonificaciones\/","og_site_name":"Universidad del Este La Plata","article_modified_time":"2025-02-25T19:42:59+00:00","og_image":[{"url":"https:\/\/www.ude.edu.ar\/wp-content\/uploads\/2021\/07\/alumnos.png"}],"twitter_card":"summary_large_image","twitter_misc":{"Tiempo de lectura":"4 minutos"},"schema":{"@context":"https:\/\/schema.org","@graph":[{"@type":"WebPage","@id":"https:\/\/www.ude.edu.ar\/extension\/descuentos-bonificaciones\/","url":"https:\/\/www.ude.edu.ar\/extension\/descuentos-bonificaciones\/","name":"Descuentos y Bonificaciones - Universidad del Este La Plata","isPartOf":{"@id":"https:\/\/www.ude.edu.ar\/extension\/#website"},"primaryImageOfPage":{"@id":"https:\/\/www.ude.edu.ar\/extension\/descuentos-bonificaciones\/#primaryimage"},"image":{"@id":"https:\/\/www.ude.edu.ar\/extension\/descuentos-bonificaciones\/#primaryimage"},"thumbnailUrl":"https:\/\/www.ude.edu.ar\/wp-content\/uploads\/2021\/07\/alumnos.png","datePublished":"2017-06-16T19:07:31+00:00","dateModified":"2025-02-25T19:42:59+00:00","breadcrumb":{"@id":"https:\/\/www.ude.edu.ar\/extension\/descuentos-bonificaciones\/#breadcrumb"},"inLanguage":"es-AR","potentialAction":[{"@type":"ReadAction","target":["https:\/\/www.ude.edu.ar\/extension\/descuentos-bonificaciones\/"]}]},{"@type":"ImageObject","inLanguage":"es-AR","@id":"https:\/\/www.ude.edu.ar\/extension\/descuentos-bonificaciones\/#primaryimage","url":"https:\/\/www.ude.edu.ar\/wp-content\/uploads\/2021\/07\/alumnos.png","contentUrl":"https:\/\/www.ude.edu.ar\/wp-content\/uploads\/2021\/07\/alumnos.png"},{"@type":"BreadcrumbList","@id":"https:\/\/www.ude.edu.ar\/extension\/descuentos-bonificaciones\/#breadcrumb","itemListElement":[{"@type":"ListItem","position":1,"name":"Home","item":"https:\/\/www.ude.edu.ar\/extension\/"},{"@type":"ListItem","position":2,"name":"Descuentos y Bonificaciones"}]},{"@type":"WebSite","@id":"https:\/\/www.ude.edu.ar\/extension\/#website","url":"https:\/\/www.ude.edu.ar\/extension\/","name":"Universidad del Este La Plata","description":"Universidad del Este La Plata","potentialAction":[{"@type":"SearchAction","target":{"@type":"EntryPoint","urlTemplate":"https:\/\/www.ude.edu.ar\/extension\/?s={search_term_string}"},"query-input":"required name=search_term_string"}],"inLanguage":"es-AR"}]}},"_links":{"self":[{"href":"https:\/\/www.ude.edu.ar\/extension\/wp-json\/wp\/v2\/pages\/2025"}],"collection":[{"href":"https:\/\/www.ude.edu.ar\/extension\/wp-json\/wp\/v2\/pages"}],"about":[{"href":"https:\/\/www.ude.edu.ar\/extension\/wp-json\/wp\/v2\/types\/page"}],"author":[{"embeddable":true,"href":"https:\/\/www.ude.edu.ar\/extension\/wp-json\/wp\/v2\/users\/2"}],"replies":[{"embeddable":true,"href":"https:\/\/www.ude.edu.ar\/extension\/wp-json\/wp\/v2\/comments?post=2025"}],"version-history":[{"count":34,"href":"https:\/\/www.ude.edu.ar\/extension\/wp-json\/wp\/v2\/pages\/2025\/revisions"}],"predecessor-version":[{"id":4641,"href":"https:\/\/www.ude.edu.ar\/extension\/wp-json\/wp\/v2\/pages\/2025\/revisions\/4641"}],"wp:attachment":[{"href":"https:\/\/www.ude.edu.ar\/extension\/wp-json\/wp\/v2\/media?parent=2025"}],"curies":[{"name":"wp","href":"https:\/\/api.w.org\/{rel}","templated":true}]}}